{"id":8,"date":"2017-08-24T17:35:47","date_gmt":"2017-08-24T15:35:47","guid":{"rendered":"http:\/\/businsky-uebersetzungen.de\/?page_id=8"},"modified":"2018-03-09T15:26:03","modified_gmt":"2018-03-09T14:26:03","slug":"uebersetzungen","status":"publish","type":"page","link":"https:\/\/businsky-uebersetzungen.de\/fr\/uebersetzungen\/","title":{"rendered":""},"content":{"rendered":"<p style=\"text-align: left;\"><strong>Traductions<\/strong><\/p>\n<p style=\"text-align: left;\">Je traduis principalement ces types de textes\u00a0:<\/p>\n<ul style=\"text-align: left;\">\n<li>certificats (dipl\u00f4mes, certificats de mariage ou actes de naissance)<\/li>\n<li>textes juridiques (tels contrats, jugements ou extraits de registre du commerce)<\/li>\n<li>textes marketing (brochures d\u2019entreprise, sites Internet ou descriptions de produit)<\/li>\n<li>textes m\u00e9dicaux (\u00e9tudes cliniques, certificats ou dossiers m\u00e9dicaux)<\/li>\n<li>textes litt\u00e9raires (critiques, litt\u00e9rature jeunesse et pr\u00e9sentation de livres)<\/li>\n<\/ul>\n<p style=\"text-align: left;\">N\u2019h\u00e9sitez pas \u00e0 me faire parvenir vos documents par email ou par voie postale afin que je vous propose un devis gratuit. Leur confidentialit\u00e9 restera bien s\u00fbr pr\u00e9serv\u00e9e.<\/p>\n","protected":false},"excerpt":{"rendered":"<p>Traductions Je traduis principalement ces types de textes\u00a0: certificats (dipl\u00f4mes, certificats de mariage ou actes de naissance) textes juridiques (tels contrats, jugements ou extraits de registre du commerce) textes marketing (brochures d\u2019entreprise, sites Internet ou descriptions de produit) textes m\u00e9dicaux (\u00e9tudes cliniques, certificats ou dossiers m\u00e9dicaux) textes litt\u00e9raires (critiques, litt\u00e9rature jeunesse et pr\u00e9sentation de livres) [&hellip;]<\/p>\n","protected":false},"author":1,"featured_media":0,"parent":0,"menu_order":0,"comment_status":"closed","ping_status":"closed","template":"","meta":{"footnotes":""},"class_list":["post-8","page","type-page","status-publish","hentry"],"translation":{"provider":"WPGlobus","version":"2.12.2","language":"fr","enabled_languages":["de","gb","fr"],"languages":{"de":{"title":false,"content":true,"excerpt":false},"gb":{"title":false,"content":true,"excerpt":false},"fr":{"title":false,"content":true,"excerpt":false}}},"aioseo_notices":[],"_links":{"self":[{"href":"https:\/\/businsky-uebersetzungen.de\/fr\/wp-json\/wp\/v2\/pages\/8","targetHints":{"allow":["GET"]}}],"collection":[{"href":"https:\/\/businsky-uebersetzungen.de\/fr\/wp-json\/wp\/v2\/pages"}],"about":[{"href":"https:\/\/businsky-uebersetzungen.de\/fr\/wp-json\/wp\/v2\/types\/page"}],"author":[{"embeddable":true,"href":"https:\/\/businsky-uebersetzungen.de\/fr\/wp-json\/wp\/v2\/users\/1"}],"replies":[{"embeddable":true,"href":"https:\/\/businsky-uebersetzungen.de\/fr\/wp-json\/wp\/v2\/comments?post=8"}],"version-history":[{"count":9,"href":"https:\/\/businsky-uebersetzungen.de\/fr\/wp-json\/wp\/v2\/pages\/8\/revisions"}],"predecessor-version":[{"id":183,"href":"https:\/\/businsky-uebersetzungen.de\/fr\/wp-json\/wp\/v2\/pages\/8\/revisions\/183"}],"wp:attachment":[{"href":"https:\/\/businsky-uebersetzungen.de\/fr\/wp-json\/wp\/v2\/media?parent=8"}],"curies":[{"name":"wp","href":"https:\/\/api.w.org\/{rel}","templated":true}]}}