{"id":17,"date":"2017-08-24T17:35:47","date_gmt":"2017-08-24T15:35:47","guid":{"rendered":"http:\/\/businsky-uebersetzungen.de\/?page_id=17"},"modified":"2018-03-09T15:33:46","modified_gmt":"2018-03-09T14:33:46","slug":"preise","status":"publish","type":"page","link":"https:\/\/businsky-uebersetzungen.de\/fr\/preise\/","title":{"rendered":""},"content":{"rendered":"<p style=\"text-align: left;\"><strong>Prix\u00a0: <\/strong><\/p>\n<p style=\"text-align: left;\">\nEnvoyez-moi vos textes par email ou par voie postale. Il va de soi que leur confidentialit\u00e9 restera pr\u00e9serv\u00e9e. Je vous proposerai ensuite un devis gratuit.<br \/>\nIch erstelle Ihnen ein kostenfreies Angebot.<\/p>\n","protected":false},"excerpt":{"rendered":"<p>Prix\u00a0: Envoyez-moi vos textes par email ou par voie postale. Il va de soi que leur confidentialit\u00e9 restera pr\u00e9serv\u00e9e. Je vous proposerai ensuite un devis gratuit. Ich erstelle Ihnen ein kostenfreies Angebot.<\/p>\n","protected":false},"author":1,"featured_media":0,"parent":0,"menu_order":0,"comment_status":"closed","ping_status":"closed","template":"","meta":{"footnotes":""},"class_list":["post-17","page","type-page","status-publish","hentry"],"translation":{"provider":"WPGlobus","version":"2.12.2","language":"fr","enabled_languages":["de","gb","fr"],"languages":{"de":{"title":false,"content":true,"excerpt":false},"gb":{"title":false,"content":true,"excerpt":false},"fr":{"title":false,"content":true,"excerpt":false}}},"aioseo_notices":[],"_links":{"self":[{"href":"https:\/\/businsky-uebersetzungen.de\/fr\/wp-json\/wp\/v2\/pages\/17","targetHints":{"allow":["GET"]}}],"collection":[{"href":"https:\/\/businsky-uebersetzungen.de\/fr\/wp-json\/wp\/v2\/pages"}],"about":[{"href":"https:\/\/businsky-uebersetzungen.de\/fr\/wp-json\/wp\/v2\/types\/page"}],"author":[{"embeddable":true,"href":"https:\/\/businsky-uebersetzungen.de\/fr\/wp-json\/wp\/v2\/users\/1"}],"replies":[{"embeddable":true,"href":"https:\/\/businsky-uebersetzungen.de\/fr\/wp-json\/wp\/v2\/comments?post=17"}],"version-history":[{"count":7,"href":"https:\/\/businsky-uebersetzungen.de\/fr\/wp-json\/wp\/v2\/pages\/17\/revisions"}],"predecessor-version":[{"id":187,"href":"https:\/\/businsky-uebersetzungen.de\/fr\/wp-json\/wp\/v2\/pages\/17\/revisions\/187"}],"wp:attachment":[{"href":"https:\/\/businsky-uebersetzungen.de\/fr\/wp-json\/wp\/v2\/media?parent=17"}],"curies":[{"name":"wp","href":"https:\/\/api.w.org\/{rel}","templated":true}]}}