{"id":14,"date":"2017-08-24T17:35:47","date_gmt":"2017-08-24T15:35:47","guid":{"rendered":"http:\/\/businsky-uebersetzungen.de\/?page_id=14"},"modified":"2018-03-09T15:32:47","modified_gmt":"2018-03-09T14:32:47","slug":"leistungen","status":"publish","type":"page","link":"https:\/\/businsky-uebersetzungen.de\/fr\/leistungen\/","title":{"rendered":""},"content":{"rendered":"<p style=\"text-align: left;\"><strong>Prestations\u00a0:<\/strong><\/p>\n<ul style=\"text-align: left;\">\n<li>plusieurs ann\u00e9es d\u2019exp\u00e9rience en tant que chef de projet, traductrice et correctrice<\/li>\n<li>traductions techniques dans les domaines du droit, du marketing, de la m\u00e9dicine et de la litt\u00e9rature<\/li>\n<li>traductions certifi\u00e9es<\/li>\n<li>contact individuel direct, sans passer par une agence<\/li>\n<li>travaux r\u00e9alis\u00e9s \u00e0 l\u2019aide de logiciels de traduction (SDL Trados Studio et memoQ entre autres)<\/li>\n<li>prise en compte de la terminologie interne du client et de textes parall\u00e8les<\/li>\n<\/ul>\n","protected":false},"excerpt":{"rendered":"<p>Prestations\u00a0: plusieurs ann\u00e9es d\u2019exp\u00e9rience en tant que chef de projet, traductrice et correctrice traductions techniques dans les domaines du droit, du marketing, de la m\u00e9dicine et de la litt\u00e9rature traductions certifi\u00e9es contact individuel direct, sans passer par une agence travaux r\u00e9alis\u00e9s \u00e0 l\u2019aide de logiciels de traduction (SDL Trados Studio et memoQ entre autres) prise [&hellip;]<\/p>\n","protected":false},"author":1,"featured_media":0,"parent":0,"menu_order":0,"comment_status":"closed","ping_status":"closed","template":"","meta":{"footnotes":""},"class_list":["post-14","page","type-page","status-publish","hentry"],"translation":{"provider":"WPGlobus","version":"2.12.2","language":"fr","enabled_languages":["de","gb","fr"],"languages":{"de":{"title":false,"content":true,"excerpt":false},"gb":{"title":false,"content":true,"excerpt":false},"fr":{"title":false,"content":true,"excerpt":false}}},"aioseo_notices":[],"_links":{"self":[{"href":"https:\/\/businsky-uebersetzungen.de\/fr\/wp-json\/wp\/v2\/pages\/14","targetHints":{"allow":["GET"]}}],"collection":[{"href":"https:\/\/businsky-uebersetzungen.de\/fr\/wp-json\/wp\/v2\/pages"}],"about":[{"href":"https:\/\/businsky-uebersetzungen.de\/fr\/wp-json\/wp\/v2\/types\/page"}],"author":[{"embeddable":true,"href":"https:\/\/businsky-uebersetzungen.de\/fr\/wp-json\/wp\/v2\/users\/1"}],"replies":[{"embeddable":true,"href":"https:\/\/businsky-uebersetzungen.de\/fr\/wp-json\/wp\/v2\/comments?post=14"}],"version-history":[{"count":10,"href":"https:\/\/businsky-uebersetzungen.de\/fr\/wp-json\/wp\/v2\/pages\/14\/revisions"}],"predecessor-version":[{"id":186,"href":"https:\/\/businsky-uebersetzungen.de\/fr\/wp-json\/wp\/v2\/pages\/14\/revisions\/186"}],"wp:attachment":[{"href":"https:\/\/businsky-uebersetzungen.de\/fr\/wp-json\/wp\/v2\/media?parent=14"}],"curies":[{"name":"wp","href":"https:\/\/api.w.org\/{rel}","templated":true}]}}