{"id":12,"date":"2017-08-24T17:35:47","date_gmt":"2017-08-24T15:35:47","guid":{"rendered":"http:\/\/businsky-uebersetzungen.de\/?page_id=12"},"modified":"2018-03-09T17:48:04","modified_gmt":"2018-03-09T16:48:04","slug":"urkundenuebersetzung","status":"publish","type":"page","link":"https:\/\/businsky-uebersetzungen.de\/fr\/urkundenuebersetzung\/","title":{"rendered":""},"content":{"rendered":"<p style=\"text-align: left;\"><strong>Traduction certifi\u00e9e<\/strong><\/p>\n<p style=\"text-align: left;\">Vous avez besoin d\u2019une traduction certifi\u00e9e r\u00e9alis\u00e9e par un traducteur asserment\u00e9\u00a0? Je suis traductrice asserment\u00e9e par le tribunal r\u00e9gional sup\u00e9rieur de D\u00fcsseldorf et r\u00e9alise des traductions certifi\u00e9es de l\u2019anglais et du fran\u00e7ais vers l\u2019allemand. Si, par exemple, vous avez besoin de faire traduire votre certificat de mariage, votre acte de naissance, votre dipl\u00f4me ou un acte de d\u00e9c\u00e8s, vous aurez g\u00e9n\u00e9ralement besoin de ce que l\u2019on appelle une\u00a0\u00ab\u00a0traduction certifi\u00e9e\u00a0\u00bb. Vous pouvez m\u2019envoyer votre document sous forme de scan par email ou par voie postale afin que je puisse vous proposer un devis.<\/p>\n","protected":false},"excerpt":{"rendered":"<p>Traduction certifi\u00e9e Vous avez besoin d\u2019une traduction certifi\u00e9e r\u00e9alis\u00e9e par un traducteur asserment\u00e9\u00a0? Je suis traductrice asserment\u00e9e par le tribunal r\u00e9gional sup\u00e9rieur de D\u00fcsseldorf et r\u00e9alise des traductions certifi\u00e9es de l\u2019anglais et du fran\u00e7ais vers l\u2019allemand. Si, par exemple, vous avez besoin de faire traduire votre certificat de mariage, votre acte de naissance, votre dipl\u00f4me [&hellip;]<\/p>\n","protected":false},"author":1,"featured_media":0,"parent":0,"menu_order":0,"comment_status":"closed","ping_status":"closed","template":"","meta":{"footnotes":""},"class_list":["post-12","page","type-page","status-publish","hentry"],"translation":{"provider":"WPGlobus","version":"2.12.2","language":"fr","enabled_languages":["de","gb","fr"],"languages":{"de":{"title":false,"content":true,"excerpt":false},"gb":{"title":false,"content":true,"excerpt":false},"fr":{"title":false,"content":true,"excerpt":false}}},"aioseo_notices":[],"_links":{"self":[{"href":"https:\/\/businsky-uebersetzungen.de\/fr\/wp-json\/wp\/v2\/pages\/12","targetHints":{"allow":["GET"]}}],"collection":[{"href":"https:\/\/businsky-uebersetzungen.de\/fr\/wp-json\/wp\/v2\/pages"}],"about":[{"href":"https:\/\/businsky-uebersetzungen.de\/fr\/wp-json\/wp\/v2\/types\/page"}],"author":[{"embeddable":true,"href":"https:\/\/businsky-uebersetzungen.de\/fr\/wp-json\/wp\/v2\/users\/1"}],"replies":[{"embeddable":true,"href":"https:\/\/businsky-uebersetzungen.de\/fr\/wp-json\/wp\/v2\/comments?post=12"}],"version-history":[{"count":10,"href":"https:\/\/businsky-uebersetzungen.de\/fr\/wp-json\/wp\/v2\/pages\/12\/revisions"}],"predecessor-version":[{"id":197,"href":"https:\/\/businsky-uebersetzungen.de\/fr\/wp-json\/wp\/v2\/pages\/12\/revisions\/197"}],"wp:attachment":[{"href":"https:\/\/businsky-uebersetzungen.de\/fr\/wp-json\/wp\/v2\/media?parent=12"}],"curies":[{"name":"wp","href":"https:\/\/api.w.org\/{rel}","templated":true}]}}