{"id":10,"date":"2017-08-24T17:35:47","date_gmt":"2017-08-24T15:35:47","guid":{"rendered":"http:\/\/businsky-uebersetzungen.de\/?page_id=10"},"modified":"2018-03-09T17:49:58","modified_gmt":"2018-03-09T16:49:58","slug":"ueber-mich","status":"publish","type":"page","link":"https:\/\/businsky-uebersetzungen.de\/fr\/ueber-mich\/","title":{"rendered":""},"content":{"rendered":"<p style=\"text-align: left;\"><strong>Profil\u00a0:<\/strong><\/p>\n<p style=\"text-align: left;\">\nJ\u2019ai obtenu mon dipl\u00f4me de traductologie pour l\u2019anglais et le fran\u00e7ais \u00e0 l\u2019Universit\u00e9 de Heidelberg (Ruprecht-Karls Universit\u00e4t). Avant de me lancer en tant que traductrice ind\u00e9pendante, j\u2019ai travaill\u00e9 plusieurs ann\u00e9es en tant que traductrice et chef de projet pour un grand prestataire de services linguistiques. Je suis asserment\u00e9e par le tribunal r\u00e9gional sup\u00e9rieur de D\u00fcsseldorf \u00e0 r\u00e9aliser les traductions certifi\u00e9es dont vous avez besoin pour vos d\u00e9marches aupr\u00e8s des mairies, universit\u00e9s, autorit\u00e9s, tribunaux, etc.<\/p>\n","protected":false},"excerpt":{"rendered":"<p>Profil\u00a0: J\u2019ai obtenu mon dipl\u00f4me de traductologie pour l\u2019anglais et le fran\u00e7ais \u00e0 l\u2019Universit\u00e9 de Heidelberg (Ruprecht-Karls Universit\u00e4t). Avant de me lancer en tant que traductrice ind\u00e9pendante, j\u2019ai travaill\u00e9 plusieurs ann\u00e9es en tant que traductrice et chef de projet pour un grand prestataire de services linguistiques. Je suis asserment\u00e9e par le tribunal r\u00e9gional sup\u00e9rieur de [&hellip;]<\/p>\n","protected":false},"author":1,"featured_media":0,"parent":0,"menu_order":0,"comment_status":"closed","ping_status":"closed","template":"","meta":{"footnotes":""},"class_list":["post-10","page","type-page","status-publish","hentry"],"translation":{"provider":"WPGlobus","version":"2.12.2","language":"fr","enabled_languages":["de","gb","fr"],"languages":{"de":{"title":false,"content":true,"excerpt":false},"gb":{"title":false,"content":true,"excerpt":false},"fr":{"title":false,"content":true,"excerpt":false}}},"aioseo_notices":[],"_links":{"self":[{"href":"https:\/\/businsky-uebersetzungen.de\/fr\/wp-json\/wp\/v2\/pages\/10","targetHints":{"allow":["GET"]}}],"collection":[{"href":"https:\/\/businsky-uebersetzungen.de\/fr\/wp-json\/wp\/v2\/pages"}],"about":[{"href":"https:\/\/businsky-uebersetzungen.de\/fr\/wp-json\/wp\/v2\/types\/page"}],"author":[{"embeddable":true,"href":"https:\/\/businsky-uebersetzungen.de\/fr\/wp-json\/wp\/v2\/users\/1"}],"replies":[{"embeddable":true,"href":"https:\/\/businsky-uebersetzungen.de\/fr\/wp-json\/wp\/v2\/comments?post=10"}],"version-history":[{"count":10,"href":"https:\/\/businsky-uebersetzungen.de\/fr\/wp-json\/wp\/v2\/pages\/10\/revisions"}],"predecessor-version":[{"id":198,"href":"https:\/\/businsky-uebersetzungen.de\/fr\/wp-json\/wp\/v2\/pages\/10\/revisions\/198"}],"wp:attachment":[{"href":"https:\/\/businsky-uebersetzungen.de\/fr\/wp-json\/wp\/v2\/media?parent=10"}],"curies":[{"name":"wp","href":"https:\/\/api.w.org\/{rel}","templated":true}]}}